{"id":137,"date":"2016-10-05T12:04:29","date_gmt":"2016-10-05T10:04:29","guid":{"rendered":"http:\/\/demo.themegrill.com\/flash-construction\/?page_id=137"},"modified":"2021-05-07T14:51:40","modified_gmt":"2021-05-07T12:51:40","slug":"about","status":"publish","type":"page","link":"https:\/\/adbbalustrade.com\/de\/","title":{"rendered":"\u00dcBER UNS"},"content":{"rendered":"<div id=\"pl-137\"  class=\"panel-layout\" ><div id=\"pg-137-0\"  class=\"panel-grid panel-no-style\" ><div id=\"pgc-137-0-0\"  class=\"panel-grid-cell\" ><div id=\"panel-137-0-0-0\" class=\"so-panel widget widget_themegrill_flash_about tg-widget tg-about-widget about-section panel-first-child panel-last-child\" data-index=\"0\" ><div class=\"tg-column-wrapper\">\n\t<div class=\"about-content-wrapper tg-column-2\">\n\t\t\t\t\t\t<div class=\"section-description\">Unser Unternehmen liefert seit 2010 vorgefertigte Elemente f\u00fcr den Wohnungsbau. Dazu geh\u00f6ren:\n\u2013 Balkongel\u00e4nder aus Stahl und Aluminium, kombiniert mit Glas,\n\u2013 Treppenhausgel\u00e4nder,\n\u2013 Glas\u00fcberdachungen,\n\u2013 Balkontrennw\u00e4nde,\n\u2013 Vollverglasungen \/ Balkon- und Terrassenverglasungen,\n\u2013 H\u00e4ngebalkone mit Zugstangen und Entw\u00e4sserung,\n\u2013 Stahlbalkone auf St\u00fctzen,\n\u2013 Treppenkonstruktionen aus Stahl\nsowie verschiedene kleinere und mittlere Konstruktionselemente aus Metall.<\/div>\n\t\t\t\t\t<\/div>\n\t\t<figure class=\"about-section-image tg-column-2\">\n\t\t<img decoding=\"async\" src=\"https:\/\/adbbalustrade.com\/en\/wp-content\/uploads\/2021\/04\/P1050123.jpg\" \/>\n\t<\/figure>\n\t<\/div>\n<\/div><\/div><\/div><div id=\"pg-137-1\"  class=\"panel-grid panel-no-style\" ><div id=\"pgc-137-1-0\"  class=\"panel-grid-cell\" ><div id=\"panel-137-1-0-0\" class=\"so-panel widget widget_themegrill_flash_about tg-widget tg-about-widget about-section panel-first-child panel-last-child\" data-index=\"1\" ><div class=\"tg-column-wrapper\">\n\t<div class=\"about-content-wrapper tg-column-2\">\n\t\t\t\t\t\t<div class=\"section-description\">S\u00e4mtliche von uns gelieferten Produkte sind bestimmungs- und vorschriftsgem\u00e4\u00df durch Feuerverzinkung (HDG) sowie Pulverbeschichtung vor Korrosion gesch\u00fctzt. Dabei kommen nur Materialien und Technologien von h\u00f6chster Qualit\u00e4t zum Einsatz.\nDie Herstellung erfolgt durch von uns beauftragte Produzenten in Polen. \nBei Bedarf fertigen wir 3D-Zeichnungen und CAD-Projekte zur Absprache mit dem Kunden und endg\u00fcltigen Annahme an.<\/div>\n\t\t\t\t\t<\/div>\n\t\t<figure class=\"about-section-image tg-column-2\">\n\t\t<img decoding=\"async\" src=\"https:\/\/adbbalustrade.com\/en\/wp-content\/uploads\/2021\/04\/P1050111.jpg\" \/>\n\t<\/figure>\n\t<\/div>\n<\/div><\/div><\/div><div id=\"pg-137-2\"  class=\"panel-grid panel-no-style\" ><div id=\"pgc-137-2-0\"  class=\"panel-grid-cell\" ><div id=\"panel-137-2-0-0\" class=\"so-panel widget widget_themegrill_flash_about tg-widget tg-about-widget about-section panel-first-child panel-last-child\" data-index=\"2\" ><div class=\"panel-widget-style panel-widget-style-for-137-2-0-0\" ><div class=\"tg-column-wrapper\">\n\t<div class=\"about-content-wrapper tg-column-2\">\n\t\t\t\t\t\t<div class=\"section-description\">Zu den Kunden von ADB Balustrade geh\u00f6ren in erster Linie gro\u00dfe Bautr\u00e4ger und Bauunternehmen sowie Anbieter von Fassaden- und Balkonsanierung.\nUnsere Produkte und Dienstleistungen verkaufen und montieren wir in Polen, Deutschland und Skandinavien. Die Lieferung kann auf Wunsch des Kunden mit oder ohne Einbau erfolgen.\n<\/div>\n\t\t\t\t\t<\/div>\n\t\t<figure class=\"about-section-image tg-column-2\">\n\t\t<img decoding=\"async\" src=\"https:\/\/adbbalustrade.com\/en\/wp-content\/uploads\/2021\/04\/P1050094.jpg\" \/>\n\t<\/figure>\n\t<\/div>\n<\/div><\/div><\/div><\/div><\/div>","protected":false},"excerpt":{"rendered":"<p>Unser Unternehmen liefert seit 2010 vorgefertigte Elemente f\u00fcr den Wohnungsbau. Dazu geh\u00f6ren: \u2013 Balkongel\u00e4nder aus Stahl und Aluminium, kombiniert mit [&hellip;]<\/p>\n","protected":false},"author":1,"featured_media":0,"parent":0,"menu_order":1,"comment_status":"closed","ping_status":"closed","template":"page-templates\/pagebuilder.php","meta":{"ngg_post_thumbnail":0,"footnotes":""},"class_list":["post-137","page","type-page","status-publish","hentry"],"_links":{"self":[{"href":"https:\/\/adbbalustrade.com\/de\/index.php\/wp-json\/wp\/v2\/pages\/137","targetHints":{"allow":["GET"]}}],"collection":[{"href":"https:\/\/adbbalustrade.com\/de\/index.php\/wp-json\/wp\/v2\/pages"}],"about":[{"href":"https:\/\/adbbalustrade.com\/de\/index.php\/wp-json\/wp\/v2\/types\/page"}],"author":[{"embeddable":true,"href":"https:\/\/adbbalustrade.com\/de\/index.php\/wp-json\/wp\/v2\/users\/1"}],"replies":[{"embeddable":true,"href":"https:\/\/adbbalustrade.com\/de\/index.php\/wp-json\/wp\/v2\/comments?post=137"}],"version-history":[{"count":21,"href":"https:\/\/adbbalustrade.com\/de\/index.php\/wp-json\/wp\/v2\/pages\/137\/revisions"}],"predecessor-version":[{"id":384,"href":"https:\/\/adbbalustrade.com\/de\/index.php\/wp-json\/wp\/v2\/pages\/137\/revisions\/384"}],"wp:attachment":[{"href":"https:\/\/adbbalustrade.com\/de\/index.php\/wp-json\/wp\/v2\/media?parent=137"}],"curies":[{"name":"wp","href":"https:\/\/api.w.org\/{rel}","templated":true}]}}